{"id":2,"date":"2021-10-31T22:58:12","date_gmt":"2021-10-31T22:58:12","guid":{"rendered":"https:\/\/mvac.antoniocastanheira.pt\/?page_id=2"},"modified":"2021-10-31T23:06:45","modified_gmt":"2021-10-31T23:06:45","slug":"sample-page","status":"publish","type":"page","link":"https:\/\/mvac.antoniocastanheira.pt\/en\/","title":{"rendered":"Sobre o mvac"},"content":{"rendered":"<p>Tradu\u00e7\u00e3o de \"Sobre o mvac\" para ing\u00eas.\nLorem ipsum dolor sit amet, consectetur adipiscing elit. Mauris consequat mi nibh. Mauris eleifend pellentesque ante. Vestibulum tincidunt fringilla ante non scelerisque. Cras consectetur ut risus eget aliquam. Curabitur hendrerit tortor eu mauris dictum tristique. Proin placerat orci enim, et eleifend nisl consequat sit amet. Maecenas maximus lorem ut eros molestie, eget egestas metus vehicula. Cras tincidunt at arcu vel volutpat. Maecenas id urna lacinia, finibus sapien quis, tempus leo. Phasellus lobortis dignissim tortor, sed suscipit sem. Aliquam eget elit feugiat eros rhoncus posuere quis euismod massa. Etiam id tempor odio, in hendrerit sapien. Nam commodo, massa ac interdum congue, erat leo faucibus tellus, lobortis lacinia massa lorem quis sapien. Vestibulum quis massa at purus pellentesque dictum sed vel dui. Donec diam velit, consectetur id pulvinar sed, faucibus id elit.\n\nUt consectetur nisl id sagittis bibendum. Vestibulum ante ipsum primis in faucibus orci luctus et ultrices posuere cubilia curae; Cras consequat, elit a viverra pellentesque, odio nisl sodales sapien, vitae congue nunc mi sed ipsum. Nulla nunc libero, consequat et diam et, euismod varius velit. Donec vel augue finibus massa mollis dictum ultrices id risus. Lorem ipsum dolor sit amet, consectetur adipiscing elit. Praesent egestas sem eu justo cursus egestas. Proin eget turpis non ipsum rhoncus eleifend. Pellentesque porta nibh sed leo blandit, nec mollis felis dapibus. Proin neque nisi, aliquet non malesuada eu, faucibus sed metus. Sed pulvinar, ipsum quis imperdiet rhoncus, leo diam egestas ex, a eleifend erat justo vitae lacus.\n\nFusce vitae enim sed ante venenatis malesuada at et justo. Phasellus mollis malesuada diam, a laoreet velit tristique non. Vestibulum diam quam, euismod eget fermentum a, laoreet non quam. Duis eget ex ut nisi vestibulum semper vel nec urna. In feugiat nulla sed nibh convallis tincidunt. Ut dapibus felis ac facilisis efficitur. Ut ut posuere nisl. Donec tincidunt neque dolor, a dapibus enim sollicitudin vitae. Morbi ac tellus nisi.<\/p>\n\n\n\n<p>A cria\u00e7\u00e3o em Portugal de um museu de arte moderna e contempor\u00e2nea, extenso, s\u00f3lido e est\u00e1vel \u2014 \u00e0 semelhan\u00e7a do que se passa em Espanha com o Re\u00edna Sof\u00eda, em Fran\u00e7a com o Centre Pompidou ou em Nova Iorque com o MoMA \u2014 \u00e9 uma miragem, n\u00e3o s\u00f3 atendendo \u00e0 dimens\u00e3o do investimento necess\u00e1rio mas, at\u00e9, pela simples raz\u00e3o pr\u00e1tica que grande parte das melhores pe\u00e7as deste per\u00edodo se encontra dispersa por colec\u00e7\u00f5es privadas e s\u00f3 poderiam ser apresentadas excepcional e ocasionalmente nesse museu, o que trairia o seu fundamento. Surge deste contexto a proposta para a cria\u00e7\u00e3o de um Museu Virtual de Arte Contempor\u00e2nea<\/p>\n\n\n\n<blockquote class=\"wp-block-quote is-layout-flow wp-block-quote-is-layout-flow\"><p>Hi there! I&#8217;m a bike messenger by day, aspiring actor by night, and this is my website. I live in Los Angeles, have a great dog named Jack, and I like pi\u00f1a coladas. (And gettin&#8217; caught in the rain.)<\/p><\/blockquote>\n\n\n\n<p>&#8230;or something like this:<\/p>\n\n\n\n<blockquote class=\"wp-block-quote is-layout-flow wp-block-quote-is-layout-flow\"><p>The XYZ Doohickey Company was founded in 1971, and has been providing quality doohickeys to the public ever since. Located in Gotham City, XYZ employs over 2,000 people and does all kinds of awesome things for the Gotham community.<\/p><\/blockquote>\n\n\n\n<p>As a new WordPress user, you should go to <a href=\"https:\/\/mvac.antoniocastanheira.pt\/wp-admin\/\">your dashboard<\/a> to delete this page and create new pages for your content. Have fun!<\/p>","protected":false},"excerpt":{"rendered":"<p>Os museus de Lisboa e Porto t\u00eam cumprido com apreci\u00e1vel relev\u00e2ncia a fun\u00e7\u00e3o de apresentar a produ\u00e7\u00e3o contempor\u00e2nea em exposi\u00e7\u00f5es tempor\u00e1rias, especialmente se atendermos \u00e0s dificuldades or\u00e7amentais e, por vezes, log\u00edsticas que lhes s\u00e3o transversais e conhecidas mas, pelas mesmas exactas raz\u00f5es, a apresenta\u00e7\u00e3o das suas colec\u00e7\u00f5es permanentes \u00e9 intermitente, incompleta e insatisfat\u00f3ria. Muito se [&hellip;]<\/p>","protected":false},"author":1,"featured_media":0,"parent":0,"menu_order":0,"comment_status":"closed","ping_status":"open","template":"","meta":{"footnotes":""},"class_list":["post-2","page","type-page","status-publish","hentry"],"_links":{"self":[{"href":"https:\/\/mvac.antoniocastanheira.pt\/en\/wp-json\/wp\/v2\/pages\/2","targetHints":{"allow":["GET"]}}],"collection":[{"href":"https:\/\/mvac.antoniocastanheira.pt\/en\/wp-json\/wp\/v2\/pages"}],"about":[{"href":"https:\/\/mvac.antoniocastanheira.pt\/en\/wp-json\/wp\/v2\/types\/page"}],"author":[{"embeddable":true,"href":"https:\/\/mvac.antoniocastanheira.pt\/en\/wp-json\/wp\/v2\/users\/1"}],"replies":[{"embeddable":true,"href":"https:\/\/mvac.antoniocastanheira.pt\/en\/wp-json\/wp\/v2\/comments?post=2"}],"version-history":[{"count":1,"href":"https:\/\/mvac.antoniocastanheira.pt\/en\/wp-json\/wp\/v2\/pages\/2\/revisions"}],"predecessor-version":[{"id":17,"href":"https:\/\/mvac.antoniocastanheira.pt\/en\/wp-json\/wp\/v2\/pages\/2\/revisions\/17"}],"wp:attachment":[{"href":"https:\/\/mvac.antoniocastanheira.pt\/en\/wp-json\/wp\/v2\/media?parent=2"}],"curies":[{"name":"wp","href":"https:\/\/api.w.org\/{rel}","templated":true}]}}